{"id":23,"date":"2023-10-20T15:40:07","date_gmt":"2023-10-20T15:40:07","guid":{"rendered":"https:\/\/demo.meenort.de\/?page_id=23"},"modified":"2025-11-17T17:12:18","modified_gmt":"2025-11-17T17:12:18","slug":"360-v1","status":"publish","type":"page","link":"https:\/\/demo.meenort.de\/?page_id=23","title":{"rendered":"360 v1"},"content":{"rendered":"\n<p>[1] gro\u00dfes Bad<\/p>\n\n\n\n<figure style=\"width:800px;height:400px\" class=\"wp-block-algori-360-image-block-algori-360-image alignundefined\"><a-scene loading-screen=\"enabled: false;\" device-orientation-permission-ui=\"enabled: false\" embedded=\"\"><a-entity camera=\"\" look-controls=\"reverseMouseDrag: true\"><\/a-entity><a-sky src=\"https:\/\/demo.meenort.de\/wp-content\/uploads\/2025\/10\/IMG_20231227_123558_00_100-scaled.jpg\"><\/a-sky><\/a-scene><\/figure>\n\n\n\n<p>[2] gro\u00dfes Bad<\/p>\n\n\n\n<figure style=\"width:800px;height:400px\" class=\"wp-block-algori-360-image-block-algori-360-image alignundefined\"><a-scene loading-screen=\"enabled: false;\" device-orientation-permission-ui=\"enabled: false\" embedded=\"\"><a-entity camera=\"\" look-controls=\"reverseMouseDrag: true\"><\/a-entity><a-sky src=\"https:\/\/demo.meenort.de\/wp-content\/uploads\/2025\/10\/IMG_20231227_123433_00_098-1-scaled.jpg\"><\/a-sky><\/a-scene><\/figure>\n\n\n\n<p>[3] gro\u00dfes Bad<\/p>\n\n\n\n<figure style=\"width:800px;height:400px\" class=\"wp-block-algori-360-image-block-algori-360-image alignundefined\"><a-scene loading-screen=\"enabled: false;\" device-orientation-permission-ui=\"enabled: false\" embedded=\"\"><a-entity camera=\"\" look-controls=\"reverseMouseDrag: true\"><\/a-entity><a-sky src=\"https:\/\/demo.meenort.de\/wp-content\/uploads\/2025\/10\/IMG_20231227_123500_00_099-scaled.jpg\"><\/a-sky><\/a-scene><\/figure>\n\n\n\n<p>[4] kleines Bad<\/p>\n\n\n\n<figure style=\"width:800px;height:400px\" class=\"wp-block-algori-360-image-block-algori-360-image alignundefined\"><a-scene loading-screen=\"enabled: false;\" device-orientation-permission-ui=\"enabled: false\" embedded=\"\"><a-entity camera=\"\" look-controls=\"reverseMouseDrag: true\"><\/a-entity><a-sky src=\"https:\/\/demo.meenort.de\/wp-content\/uploads\/2025\/10\/IMG_20231227_123803_00_104-scaled.jpg\"><\/a-sky><\/a-scene><\/figure>\n\n\n\n<p>[5] K\u00fcche<\/p>\n\n\n\n<figure style=\"width:800px;height:400px\" class=\"wp-block-algori-360-image-block-algori-360-image alignundefined\"><a-scene loading-screen=\"enabled: false;\" device-orientation-permission-ui=\"enabled: false\" embedded=\"\"><a-entity camera=\"\" look-controls=\"reverseMouseDrag: true\"><\/a-entity><a-sky src=\"https:\/\/demo.meenort.de\/wp-content\/uploads\/2025\/10\/IMG_20231227_124025_00_107-scaled.jpg\"><\/a-sky><\/a-scene><\/figure>\n\n\n\n<p>[6] K\u00fcche<\/p>\n\n\n\n<figure style=\"width:800px;height:400px\" class=\"wp-block-algori-360-image-block-algori-360-image alignundefined\"><a-scene loading-screen=\"enabled: false;\" device-orientation-permission-ui=\"enabled: false\" embedded=\"\"><a-entity camera=\"\" look-controls=\"reverseMouseDrag: true\"><\/a-entity><a-sky src=\"https:\/\/demo.meenort.de\/wp-content\/uploads\/2025\/10\/IMG_20231227_124102_00_108-scaled.jpg\"><\/a-sky><\/a-scene><\/figure>\n\n\n\n<p>[7] K\u00fcche<\/p>\n\n\n\n<figure style=\"width:800px;height:400px\" class=\"wp-block-algori-360-image-block-algori-360-image alignundefined\"><a-scene loading-screen=\"enabled: false;\" device-orientation-permission-ui=\"enabled: false\" embedded=\"\"><a-entity camera=\"\" look-controls=\"reverseMouseDrag: true\"><\/a-entity><a-sky src=\"https:\/\/demo.meenort.de\/wp-content\/uploads\/2025\/10\/IMG_20231227_124206_00_109-scaled.jpg\"><\/a-sky><\/a-scene><\/figure>\n\n\n\n<p>[8] Wohnzimmer<\/p>\n\n\n\n<figure style=\"width:800px;height:400px\" class=\"wp-block-algori-360-image-block-algori-360-image alignundefined\"><a-scene loading-screen=\"enabled: false;\" device-orientation-permission-ui=\"enabled: false\" embedded=\"\"><a-entity camera=\"\" look-controls=\"reverseMouseDrag: true\"><\/a-entity><a-sky src=\"https:\/\/demo.meenort.de\/wp-content\/uploads\/2025\/10\/IMG_20231227_124819_00_112-scaled.jpg\"><\/a-sky><\/a-scene><\/figure>\n\n\n\n<p><\/p>\n\n\n\n<p><\/p>\n\n\n\n<p><\/p>\n\n\n\n<p><\/p>\n\n\n\n<p><\/p>\n\n\n\n<p><\/p>\n\n\n\n<p><\/p>\n\n\n\n<p><\/p>\n\n\n\n<figure style=\"width:80px;height:40px\" class=\"wp-block-algori-360-image-block-algori-360-image alignundefined\"><a-scene loading-screen=\"enabled: false;\" device-orientation-permission-ui=\"enabled: false\" embedded=\"\"><a-entity camera=\"\" look-controls=\"reverseMouseDrag: true\"><\/a-entity><a-sky src=\"https:\/\/demo.meenort.de\/wp-content\/uploads\/2025\/10\/IMG_20231227_123803_00_104-scaled.jpg\"><\/a-sky><\/a-scene><\/figure>\n\n\n\n<p><\/p>\n","protected":false},"excerpt":{"rendered":"<p>[1] gro\u00dfes Bad [2] gro\u00dfes Bad [3] gro\u00dfes Bad [4] kleines Bad [5] K\u00fcche [6] K\u00fcche [7] K\u00fcche [8] Wohnzimmer<\/p>\n","protected":false},"author":1,"featured_media":0,"parent":0,"menu_order":0,"comment_status":"closed","ping_status":"closed","template":"","meta":{"inspiro_hide_title":false,"footnotes":""},"class_list":["post-23","page","type-page","status-publish","hentry"],"_links":{"self":[{"href":"https:\/\/demo.meenort.de\/index.php?rest_route=\/wp\/v2\/pages\/23","targetHints":{"allow":["GET"]}}],"collection":[{"href":"https:\/\/demo.meenort.de\/index.php?rest_route=\/wp\/v2\/pages"}],"about":[{"href":"https:\/\/demo.meenort.de\/index.php?rest_route=\/wp\/v2\/types\/page"}],"author":[{"embeddable":true,"href":"https:\/\/demo.meenort.de\/index.php?rest_route=\/wp\/v2\/users\/1"}],"replies":[{"embeddable":true,"href":"https:\/\/demo.meenort.de\/index.php?rest_route=%2Fwp%2Fv2%2Fcomments&post=23"}],"version-history":[{"count":14,"href":"https:\/\/demo.meenort.de\/index.php?rest_route=\/wp\/v2\/pages\/23\/revisions"}],"predecessor-version":[{"id":149,"href":"https:\/\/demo.meenort.de\/index.php?rest_route=\/wp\/v2\/pages\/23\/revisions\/149"}],"wp:attachment":[{"href":"https:\/\/demo.meenort.de\/index.php?rest_route=%2Fwp%2Fv2%2Fmedia&parent=23"}],"curies":[{"name":"wp","href":"https:\/\/api.w.org\/{rel}","templated":true}]}}